{"id":10522,"date":"2014-09-04T17:37:01","date_gmt":"2014-09-04T17:37:01","guid":{"rendered":"http:\/\/avada.theme-fusion.comxml\/?page_id=10522"},"modified":"2020-04-12T11:13:43","modified_gmt":"2020-04-12T11:13:43","slug":"counter-circle","status":"publish","type":"page","link":"https:\/\/www.pediatrie-italska.cz\/index.php\/counter-circle\/","title":{"rendered":"Smluvn\u00ed poji\u0161\u0165ovny"},"content":{"rendered":"<div class=\"fusion-fullwidth fullwidth-box fusion-builder-row-1 nonhundred-percent-fullwidth non-hundred-percent-height-scrolling\" style=\"--awb-background-position:left top;--awb-border-color:#eaeaea;--awb-border-radius-top-left:0px;--awb-border-radius-top-right:0px;--awb-border-radius-bottom-right:0px;--awb-border-radius-bottom-left:0px;--awb-padding-top:0px;--awb-padding-right:0px;--awb-padding-bottom:40px;--awb-padding-left:0px;--awb-border-sizes-top:0px;--awb-border-sizes-bottom:0px;--awb-flex-wrap:wrap;\" ><div class=\"fusion-builder-row fusion-row\"><div class=\"fusion-layout-column fusion_builder_column fusion-builder-column-0 fusion_builder_column_1_1 1_1 fusion-one-full fusion-column-first fusion-column-last\" style=\"--awb-padding-right:40px;--awb-padding-bottom:40px;--awb-padding-left:40px;--awb-bg-size:cover;\"><div class=\"fusion-column-wrapper fusion-column-has-shadow fusion-flex-column-wrapper-legacy\"><ul style=\"--awb-line-height:27.2px;--awb-icon-width:27.2px;--awb-icon-height:27.2px;--awb-icon-margin:11.2px;--awb-content-margin:38.4px;--awb-circlecolor:#1a80b6;--awb-circle-yes-font-size:14.08px;\" class=\"fusion-checklist fusion-checklist-1 fusion-checklist-default type-icons\"><li class=\"fusion-li-item\" style=\"\"><span class=\"icon-wrapper circle-yes\"><i class=\"fusion-li-icon fa-building fas\" aria-hidden=\"true\"><\/i><\/span><div class=\"fusion-li-item-content\">\n<p>VZP \u2013 V\u0161eobecn\u00e1 zdravotn\u00ed poji\u0161\u0165ovna \u010cR, 111<\/p>\n<\/div><\/li><li class=\"fusion-li-item\" style=\"\"><span class=\"icon-wrapper circle-yes\"><i class=\"fusion-li-icon fa-building fas\" aria-hidden=\"true\"><\/i><\/span><div class=\"fusion-li-item-content\">\n<p>OZP \u2013 Oborov\u00e1 zdravotn\u00ed poji\u0161\u0165ovna zam\u011bstnanc\u016f bank, poji\u0161\u0165oven stavebnictv\u00ed, 207<\/p>\n<\/div><\/li><li class=\"fusion-li-item\" style=\"\"><span class=\"icon-wrapper circle-yes\"><i class=\"fusion-li-icon fa-building fas\" aria-hidden=\"true\"><\/i><\/span><div class=\"fusion-li-item-content\">\n<p>ZPMV \u010cR\u2013 Zdravotn\u00ed poji\u0161\u0165ovna ministerstva vnitra \u010cR, 211<\/p>\n<\/div><\/li><li class=\"fusion-li-item\" style=\"\"><span class=\"icon-wrapper circle-yes\"><i class=\"fusion-li-icon fa-building fas\" aria-hidden=\"true\"><\/i><\/span><div class=\"fusion-li-item-content\">\n<p>VOZP \u2013 Vojensk\u00e1 zdravotn\u00ed poji\u0161\u0165ovna \u010cR, 201<\/p>\n<\/div><\/li><li class=\"fusion-li-item\" style=\"\"><span class=\"icon-wrapper circle-yes\"><i class=\"fusion-li-icon fa-building fas\" aria-hidden=\"true\"><\/i><\/span><div class=\"fusion-li-item-content\">\n<p>\u010cPZP \u2013 \u010cesk\u00e1 pr\u016fmyslov\u00e1 zdravotn\u00ed poji\u0161\u0165ovna, 205<\/p>\n<\/div><\/li><li class=\"fusion-li-item\" style=\"\"><span class=\"icon-wrapper circle-yes\"><i class=\"fusion-li-icon fa-building fas\" aria-hidden=\"true\"><\/i><\/span><div class=\"fusion-li-item-content\">\n<p>ZP\u0160 \u2013 Zam\u011bstnaneck\u00e1 poji\u0161\u0165ovna \u0160koda, 209<\/p>\n<\/div><\/li><li class=\"fusion-li-item\" style=\"\"><span class=\"icon-wrapper circle-yes\"><i class=\"fusion-li-icon fa-building fas\" aria-hidden=\"true\"><\/i><\/span><div class=\"fusion-li-item-content\">\n<p>RBP &#8211; Rev\u00edrn\u00ed bratrsk\u00e1 pokladna, Zdravotn\u00ed poji\u0161\u0165ovna, 213<\/p>\n<\/div><\/li><\/ul><div class=\"fusion-text fusion-text-1\"><p>Do p\u00e9\u010de p\u0159ij\u00edm\u00e1me tak\u00e9 samopl\u00e1tce.<\/p>\n<\/div><div class=\"fusion-sep-clear\"><\/div><div class=\"fusion-separator fusion-no-small-visibility fusion-no-medium-visibility fusion-full-width-sep\" style=\"margin-left: auto;margin-right: auto;margin-bottom:50px;width:100%;\"><div class=\"fusion-separator-border sep-single sep-solid\" style=\"--awb-height:20px;--awb-amount:20px;border-color:#e0dede;border-top-width:1px;\"><\/div><\/div><div class=\"fusion-sep-clear\"><\/div><div class=\"fusion-image-carousel fusion-image-carousel-auto fusion-image-carousel-1 fusion-carousel-border\"><div class=\"awb-carousel awb-swiper awb-swiper-carousel\" data-autoplay=\"yes\" data-columns=\"6\" data-itemmargin=\"13\" data-itemwidth=\"180\" data-touchscroll=\"no\" data-imagesize=\"auto\" style=\"--awb-columns:6;\"><div class=\"swiper-wrapper awb-image-carousel-wrapper fusion-flex-align-items-center\"><div class=\"swiper-slide\"><div class=\"fusion-carousel-item-wrapper\"><div class=\"fusion-image-wrapper hover-type-liftup\"><a href=\"https:\/\/www.vzp.cz\/\" target=\"_blank\" rel=\"noopener noreferrer\"><img decoding=\"async\" width=\"300\" height=\"200\" src=\"https:\/\/www.pediatrie-italska.cz\/wp-content\/uploads\/2019\/09\/1vzp.jpg\" class=\"attachment-full size-full\" alt=\"\" srcset=\"https:\/\/www.pediatrie-italska.cz\/wp-content\/uploads\/2019\/09\/1vzp-200x133.jpg 200w, https:\/\/www.pediatrie-italska.cz\/wp-content\/uploads\/2019\/09\/1vzp.jpg 300w\" sizes=\"(min-width: 2200px) 100vw, (min-width: 1099px) 173px, (min-width: 1007px) 207px, (min-width: 915px) 259px, (min-width: 824px) 345px, (min-width: 732px) 518px, (min-width: 640px) 732px, \" \/><\/a><\/div><\/div><\/div><div class=\"swiper-slide\"><div class=\"fusion-carousel-item-wrapper\"><div class=\"fusion-image-wrapper hover-type-liftup\"><a href=\"https:\/\/www.ozp.cz\/\" target=\"_blank\" rel=\"noopener noreferrer\"><img decoding=\"async\" width=\"300\" height=\"200\" src=\"https:\/\/www.pediatrie-italska.cz\/wp-content\/uploads\/2019\/09\/1ozp.jpg\" class=\"attachment-full size-full\" alt=\"\" srcset=\"https:\/\/www.pediatrie-italska.cz\/wp-content\/uploads\/2019\/09\/1ozp-200x133.jpg 200w, https:\/\/www.pediatrie-italska.cz\/wp-content\/uploads\/2019\/09\/1ozp.jpg 300w\" sizes=\"(min-width: 2200px) 100vw, (min-width: 1099px) 173px, (min-width: 1007px) 207px, (min-width: 915px) 259px, (min-width: 824px) 345px, (min-width: 732px) 518px, (min-width: 640px) 732px, \" \/><\/a><\/div><\/div><\/div><div class=\"swiper-slide\"><div class=\"fusion-carousel-item-wrapper\"><div class=\"fusion-image-wrapper hover-type-liftup\"><a href=\"https:\/\/www.zpmvcr.cz\/\" target=\"_blank\" rel=\"noopener noreferrer\"><img decoding=\"async\" width=\"300\" height=\"200\" src=\"https:\/\/www.pediatrie-italska.cz\/wp-content\/uploads\/2019\/09\/1zpmv.jpg\" class=\"attachment-full size-full\" alt=\"\" srcset=\"https:\/\/www.pediatrie-italska.cz\/wp-content\/uploads\/2019\/09\/1zpmv-200x133.jpg 200w, https:\/\/www.pediatrie-italska.cz\/wp-content\/uploads\/2019\/09\/1zpmv.jpg 300w\" sizes=\"(min-width: 2200px) 100vw, (min-width: 1099px) 173px, (min-width: 1007px) 207px, (min-width: 915px) 259px, (min-width: 824px) 345px, (min-width: 732px) 518px, (min-width: 640px) 732px, \" \/><\/a><\/div><\/div><\/div><div class=\"swiper-slide\"><div class=\"fusion-carousel-item-wrapper\"><div class=\"fusion-image-wrapper hover-type-liftup\"><a href=\"https:\/\/www.vozp.cz\/\" target=\"_blank\" rel=\"noopener noreferrer\"><img decoding=\"async\" width=\"300\" height=\"200\" src=\"https:\/\/www.pediatrie-italska.cz\/wp-content\/uploads\/2019\/09\/1vozp.jpg\" class=\"attachment-full size-full\" alt=\"\" srcset=\"https:\/\/www.pediatrie-italska.cz\/wp-content\/uploads\/2019\/09\/1vozp-200x133.jpg 200w, https:\/\/www.pediatrie-italska.cz\/wp-content\/uploads\/2019\/09\/1vozp.jpg 300w\" sizes=\"(min-width: 2200px) 100vw, (min-width: 1099px) 173px, (min-width: 1007px) 207px, (min-width: 915px) 259px, (min-width: 824px) 345px, (min-width: 732px) 518px, (min-width: 640px) 732px, \" \/><\/a><\/div><\/div><\/div><div class=\"swiper-slide\"><div class=\"fusion-carousel-item-wrapper\"><div class=\"fusion-image-wrapper hover-type-liftup\"><a href=\"https:\/\/www.cpzp.cz\/main\/index.php\" target=\"_blank\" rel=\"noopener noreferrer\"><img decoding=\"async\" width=\"300\" height=\"200\" src=\"https:\/\/www.pediatrie-italska.cz\/wp-content\/uploads\/2019\/09\/1cpzp.jpg\" class=\"attachment-full size-full\" alt=\"\" srcset=\"https:\/\/www.pediatrie-italska.cz\/wp-content\/uploads\/2019\/09\/1cpzp-200x133.jpg 200w, https:\/\/www.pediatrie-italska.cz\/wp-content\/uploads\/2019\/09\/1cpzp.jpg 300w\" sizes=\"(min-width: 2200px) 100vw, (min-width: 1099px) 173px, (min-width: 1007px) 207px, (min-width: 915px) 259px, (min-width: 824px) 345px, (min-width: 732px) 518px, (min-width: 640px) 732px, \" \/><\/a><\/div><\/div><\/div><div class=\"swiper-slide\"><div class=\"fusion-carousel-item-wrapper\"><div class=\"fusion-image-wrapper hover-type-liftup\"><a href=\"https:\/\/www.zpskoda.cz\/\" target=\"_blank\" rel=\"noopener noreferrer\"><img decoding=\"async\" width=\"300\" height=\"200\" src=\"https:\/\/www.pediatrie-italska.cz\/wp-content\/uploads\/2019\/09\/1zps.jpg\" class=\"attachment-full size-full\" alt=\"\" srcset=\"https:\/\/www.pediatrie-italska.cz\/wp-content\/uploads\/2019\/09\/1zps-200x133.jpg 200w, https:\/\/www.pediatrie-italska.cz\/wp-content\/uploads\/2019\/09\/1zps.jpg 300w\" sizes=\"(min-width: 2200px) 100vw, (min-width: 1099px) 173px, (min-width: 1007px) 207px, (min-width: 915px) 259px, (min-width: 824px) 345px, (min-width: 732px) 518px, (min-width: 640px) 732px, \" \/><\/a><\/div><\/div><\/div><div class=\"swiper-slide\"><div class=\"fusion-carousel-item-wrapper\"><div class=\"fusion-image-wrapper hover-type-liftup\"><a href=\"https:\/\/www.rbp213.cz\/cs\/\" target=\"_self\"><img decoding=\"async\" width=\"300\" height=\"200\" src=\"https:\/\/www.pediatrie-italska.cz\/wp-content\/uploads\/2020\/04\/213-1.jpg\" class=\"attachment-full size-full\" alt=\"\" srcset=\"https:\/\/www.pediatrie-italska.cz\/wp-content\/uploads\/2020\/04\/213-1-200x133.jpg 200w, https:\/\/www.pediatrie-italska.cz\/wp-content\/uploads\/2020\/04\/213-1.jpg 300w\" sizes=\"(min-width: 2200px) 100vw, (min-width: 1099px) 173px, (min-width: 1007px) 207px, (min-width: 915px) 259px, (min-width: 824px) 345px, (min-width: 732px) 518px, (min-width: 640px) 732px, \" \/><\/a><\/div><\/div><\/div><\/div><div class=\"awb-swiper-button awb-swiper-button-prev\"><i class=\"awb-icon-angle-left\" aria-hidden=\"true\"><\/i><\/div><div class=\"awb-swiper-button awb-swiper-button-next\"><i class=\"awb-icon-angle-right\" aria-hidden=\"true\"><\/i><\/div><\/div><\/div><div class=\"fusion-clearfix\"><\/div><\/div><\/div><\/div><\/div>\n","protected":false},"excerpt":{"rendered":"","protected":false},"author":1,"featured_media":0,"parent":0,"menu_order":0,"comment_status":"closed","ping_status":"closed","template":"100-width.php","meta":{"_exactmetrics_skip_tracking":false,"_exactmetrics_sitenote_active":false,"_exactmetrics_sitenote_note":"","_exactmetrics_sitenote_category":0,"_monsterinsights_skip_tracking":false,"_monsterinsights_sitenote_active":false,"_monsterinsights_sitenote_note":"","_monsterinsights_sitenote_category":0,"footnotes":""},"class_list":["post-10522","page","type-page","status-publish","hentry"],"_links":{"self":[{"href":"https:\/\/www.pediatrie-italska.cz\/index.php\/wp-json\/wp\/v2\/pages\/10522","targetHints":{"allow":["GET"]}}],"collection":[{"href":"https:\/\/www.pediatrie-italska.cz\/index.php\/wp-json\/wp\/v2\/pages"}],"about":[{"href":"https:\/\/www.pediatrie-italska.cz\/index.php\/wp-json\/wp\/v2\/types\/page"}],"author":[{"embeddable":true,"href":"https:\/\/www.pediatrie-italska.cz\/index.php\/wp-json\/wp\/v2\/users\/1"}],"replies":[{"embeddable":true,"href":"https:\/\/www.pediatrie-italska.cz\/index.php\/wp-json\/wp\/v2\/comments?post=10522"}],"version-history":[{"count":43,"href":"https:\/\/www.pediatrie-italska.cz\/index.php\/wp-json\/wp\/v2\/pages\/10522\/revisions"}],"predecessor-version":[{"id":12325,"href":"https:\/\/www.pediatrie-italska.cz\/index.php\/wp-json\/wp\/v2\/pages\/10522\/revisions\/12325"}],"wp:attachment":[{"href":"https:\/\/www.pediatrie-italska.cz\/index.php\/wp-json\/wp\/v2\/media?parent=10522"}],"curies":[{"name":"wp","href":"https:\/\/api.w.org\/{rel}","templated":true}]}}