{"id":94,"date":"2012-07-31T02:20:13","date_gmt":"2012-07-31T02:20:13","guid":{"rendered":"https:\/\/avada.theme-fusion.com\/?page_id=94"},"modified":"2025-10-31T10:38:53","modified_gmt":"2025-10-31T10:38:53","slug":"ordinacni-hodiny","status":"publish","type":"page","link":"https:\/\/www.pediatrie-italska.cz\/index.php\/ordinacni-hodiny\/","title":{"rendered":"Ordina\u010dn\u00ed hodiny &#8211; POZOR ZM\u011aNA, SLEDUJTE AKTUALITY!"},"content":{"rendered":"<div class=\"fusion-fullwidth fullwidth-box fusion-builder-row-1 hundred-percent-fullwidth non-hundred-percent-height-scrolling\" style=\"--awb-border-radius-top-left:0px;--awb-border-radius-top-right:0px;--awb-border-radius-bottom-right:0px;--awb-border-radius-bottom-left:0px;--awb-flex-wrap:wrap;\" ><div class=\"fusion-builder-row fusion-row\"><div class=\"fusion-layout-column fusion_builder_column fusion-builder-column-0 fusion_builder_column_1_2 1_2 fusion-one-half fusion-column-first\" style=\"--awb-bg-size:cover;width:50%;width:calc(50% - ( ( 4% ) * 0.5 ) );margin-right: 4%;\"><div class=\"fusion-column-wrapper fusion-column-has-shadow fusion-flex-column-wrapper-legacy\"><div class=\"fusion-image-element in-legacy-container\" style=\"--awb-caption-title-font-family:var(--h2_typography-font-family);--awb-caption-title-font-weight:var(--h2_typography-font-weight);--awb-caption-title-font-style:var(--h2_typography-font-style);--awb-caption-title-size:var(--h2_typography-font-size);--awb-caption-title-transform:var(--h2_typography-text-transform);--awb-caption-title-line-height:var(--h2_typography-line-height);--awb-caption-title-letter-spacing:var(--h2_typography-letter-spacing);\"><span class=\" fusion-imageframe imageframe-none imageframe-1 hover-type-none\"><img decoding=\"async\" width=\"476\" height=\"260\" title=\"officehours\" src=\"https:\/\/www.pediatrie-italska.cz\/wp-content\/uploads\/2025\/10\/officehours.jpg\" alt class=\"img-responsive wp-image-12466\" srcset=\"https:\/\/www.pediatrie-italska.cz\/wp-content\/uploads\/2025\/10\/officehours-200x109.jpg 200w, https:\/\/www.pediatrie-italska.cz\/wp-content\/uploads\/2025\/10\/officehours-400x218.jpg 400w, https:\/\/www.pediatrie-italska.cz\/wp-content\/uploads\/2025\/10\/officehours.jpg 476w\" sizes=\"(max-width: 800px) 100vw, 476px\" \/><\/span><\/div><div class=\"fusion-image-element in-legacy-container\" style=\"--awb-caption-title-font-family:var(--h2_typography-font-family);--awb-caption-title-font-weight:var(--h2_typography-font-weight);--awb-caption-title-font-style:var(--h2_typography-font-style);--awb-caption-title-size:var(--h2_typography-font-size);--awb-caption-title-transform:var(--h2_typography-text-transform);--awb-caption-title-line-height:var(--h2_typography-line-height);--awb-caption-title-letter-spacing:var(--h2_typography-letter-spacing);\"><span class=\" fusion-imageframe imageframe-none imageframe-2 hover-type-none\"><img decoding=\"async\" width=\"469\" height=\"152\" title=\"pozor\" src=\"https:\/\/www.pediatrie-italska.cz\/wp-content\/uploads\/2025\/10\/pozor.gif\" alt class=\"img-responsive wp-image-12468\"\/><\/span><\/div><div class=\"fusion-clearfix\"><\/div><\/div><\/div><div class=\"fusion-layout-column fusion_builder_column fusion-builder-column-1 fusion_builder_column_1_2 1_2 fusion-one-half fusion-column-last\" style=\"--awb-bg-size:cover;width:50%;width:calc(50% - ( ( 4% ) * 0.5 ) );\"><div class=\"fusion-column-wrapper fusion-column-has-shadow fusion-flex-column-wrapper-legacy\"><div class=\"fusion-alert alert custom alert-custom fusion-alert-center awb-alert-native-link-color\" style=\"--awb-background-color:#ffffff;--awb-accent-color:#808080;--awb-border-top-left-radius:0px;--awb-border-top-right-radius:0px;--awb-border-bottom-left-radius:0px;--awb-border-bottom-right-radius:0px;\" role=\"alert\"><div class=\"fusion-alert-content-wrapper\"><span class=\"alert-icon\"><i class=\"fa-bell fas\" aria-hidden=\"true\"><\/i><\/span><span class=\"fusion-alert-content\"><p>Pros\u00edme o respektov\u00e1n\u00ed ordina\u010dn\u00edch hodin.<\/p>\n<p>Posledn\u00ed pacient bude do ordinace p\u0159ijat 15 minut p\u0159ed koncem ordina\u010dn\u00ed doby.<\/p>\n<p>Pros\u00edme rodi\u010de, aby s nemocn\u00fdmi d\u011btmi nechodili do ordina\u010dn\u00edch hodin ur\u010den\u00fdch pro d\u011bti zdrav\u00e9 (objednan\u00e9 na preventivn\u00ed prohl\u00eddku nebo o\u010dkov\u00e1n\u00ed). P\u0159edejdeme tak riziku n\u00e1kazy zdrav\u00fdch d\u011bt\u00ed.<\/p>\n<p>V p\u0159\u00edpad\u011b, \u017ee se nem\u016f\u017eete dostavit na objednan\u00fd term\u00edn, pros\u00edme, neblokujte term\u00edn pro ostatn\u00ed d\u011bti, a co nejd\u0159\u00edve se p\u0159eobjednejte.<\/p>\n<p><strong>Upozor\u0148ujeme, \u017ee ve\u0161ker\u00e1 telefonick\u00e1 komunikace ohledn\u011b zdravotn\u00edho stavu d\u00edt\u011bte a n\u00e1vrhy l\u00e9\u010dby jsou pouze orienta\u010dn\u00ed, ke zhodnocen\u00ed stavu pacienta, ur\u010den\u00ed diagn\u00f3zy a n\u00e1vrhu l\u00e9\u010dby je nutn\u00e9 fyzik\u00e1ln\u00ed vy\u0161et\u0159en\u00ed d\u00edt\u011bte l\u00e9ka\u0159em.<\/strong><\/p><\/span><\/div><\/div><div class=\"fusion-clearfix\"><\/div><\/div><\/div><\/div><\/div>\n","protected":false},"excerpt":{"rendered":"","protected":false},"author":1,"featured_media":0,"parent":0,"menu_order":0,"comment_status":"open","ping_status":"open","template":"","meta":{"_exactmetrics_skip_tracking":false,"_exactmetrics_sitenote_active":false,"_exactmetrics_sitenote_note":"","_exactmetrics_sitenote_category":0,"_monsterinsights_skip_tracking":false,"_monsterinsights_sitenote_active":false,"_monsterinsights_sitenote_note":"","_monsterinsights_sitenote_category":0,"footnotes":""},"class_list":["post-94","page","type-page","status-publish","hentry"],"_links":{"self":[{"href":"https:\/\/www.pediatrie-italska.cz\/index.php\/wp-json\/wp\/v2\/pages\/94","targetHints":{"allow":["GET"]}}],"collection":[{"href":"https:\/\/www.pediatrie-italska.cz\/index.php\/wp-json\/wp\/v2\/pages"}],"about":[{"href":"https:\/\/www.pediatrie-italska.cz\/index.php\/wp-json\/wp\/v2\/types\/page"}],"author":[{"embeddable":true,"href":"https:\/\/www.pediatrie-italska.cz\/index.php\/wp-json\/wp\/v2\/users\/1"}],"replies":[{"embeddable":true,"href":"https:\/\/www.pediatrie-italska.cz\/index.php\/wp-json\/wp\/v2\/comments?post=94"}],"version-history":[{"count":39,"href":"https:\/\/www.pediatrie-italska.cz\/index.php\/wp-json\/wp\/v2\/pages\/94\/revisions"}],"predecessor-version":[{"id":12469,"href":"https:\/\/www.pediatrie-italska.cz\/index.php\/wp-json\/wp\/v2\/pages\/94\/revisions\/12469"}],"wp:attachment":[{"href":"https:\/\/www.pediatrie-italska.cz\/index.php\/wp-json\/wp\/v2\/media?parent=94"}],"curies":[{"name":"wp","href":"https:\/\/api.w.org\/{rel}","templated":true}]}}